{"id":781,"date":"2020-08-18T07:47:56","date_gmt":"2020-08-18T07:47:56","guid":{"rendered":"https:\/\/www.my-bean.at\/?product=import-placeholder-for-3055"},"modified":"2025-01-16T14:13:17","modified_gmt":"2025-01-16T14:13:17","slug":"aethiopien-bio-espresso","status":"publish","type":"product","link":"https:\/\/www.my-bean.at\/?product=aethiopien-bio-espresso","title":{"rendered":"\u00c4thiopien BIO Espresso"},"content":{"rendered":"<p>100% Arabica &#8211; Trommelr\u00f6stung &#8211; handverlesen<br \/>\nMilder, bek\u00f6mmlicher, aromatischer \u00c4thiopien-Blend mit schokoladigem Grundton.<br \/>\nErzeugt ein rundes, harmonisches Mundgef\u00fchl.<\/p>\n","protected":false},"excerpt":{"rendered":"<p>100% Arabica &#8211; Trommelr\u00f6stung &#8211; handverlesen Milder, bek\u00f6mmlicher, aromatischer \u00c4thiopien-Blend mit schokoladigem Grundton. Erzeugt ein rundes, harmonisches Mundgef\u00fchl.<\/p>\n","protected":false},"featured_media":3523,"comment_status":"closed","ping_status":"closed","template":"","meta":{"neve_meta_sidebar":"","neve_meta_container":"","neve_meta_enable_content_width":"off","neve_meta_content_width":70,"neve_meta_title_alignment":"","neve_meta_author_avatar":"","neve_post_elements_order":"","neve_meta_disable_header":"","neve_meta_disable_footer":"","neve_meta_disable_title":"","pgc_sgb_lightbox_settings":"","_ti_tpc_template_sync":false,"_ti_tpc_template_id":""},"product_cat":[25],"product_tag":[],"_links":{"self":[{"href":"https:\/\/www.my-bean.at\/index.php?rest_route=\/wp\/v2\/product\/781"}],"collection":[{"href":"https:\/\/www.my-bean.at\/index.php?rest_route=\/wp\/v2\/product"}],"about":[{"href":"https:\/\/www.my-bean.at\/index.php?rest_route=\/wp\/v2\/types\/product"}],"replies":[{"embeddable":true,"href":"https:\/\/www.my-bean.at\/index.php?rest_route=%2Fwp%2Fv2%2Fcomments&post=781"}],"wp:featuredmedia":[{"embeddable":true,"href":"https:\/\/www.my-bean.at\/index.php?rest_route=\/wp\/v2\/media\/3523"}],"wp:attachment":[{"href":"https:\/\/www.my-bean.at\/index.php?rest_route=%2Fwp%2Fv2%2Fmedia&parent=781"}],"wp:term":[{"taxonomy":"product_cat","embeddable":true,"href":"https:\/\/www.my-bean.at\/index.php?rest_route=%2Fwp%2Fv2%2Fproduct_cat&post=781"},{"taxonomy":"product_tag","embeddable":true,"href":"https:\/\/www.my-bean.at\/index.php?rest_route=%2Fwp%2Fv2%2Fproduct_tag&post=781"}],"curies":[{"name":"wp","href":"https:\/\/api.w.org\/{rel}","templated":true}]}}