{"id":779,"date":"2020-08-18T07:47:56","date_gmt":"2020-08-18T07:47:56","guid":{"rendered":"https:\/\/www.my-bean.at\/?product=import-placeholder-for-3052"},"modified":"2020-11-29T14:59:13","modified_gmt":"2020-11-29T14:59:13","slug":"jamaica-blue-mountain","status":"publish","type":"product","link":"https:\/\/www.my-bean.at\/?product=jamaica-blue-mountain","title":{"rendered":"Jamaica Blue Mountain"},"content":{"rendered":"<p>100% Arabica Kona -Traditionelle Trommelr\u00f6stung<br \/>\nBlue-Mountain-Kaffee geh\u00f6rt mit einigen wenigen anderen Kaffeesorten zur obersten Kategorie der Kaffeespezialit\u00e4ten.<br \/>\nDer Nebel, k\u00fchle Temperaturen und ein starker Niederschlag sind in den Blue Mountains die Hauptfaktoren f\u00fcr ein besonderes Klima, wodurch die Kaffeekirschen wesentlich langsamer wachsen.<br \/>\nDieser Kaffee zeichnet sich durch seinen sehr milden Geschmack aus. Das Besondere am Aroma der jamaikanischen Kaffeebohnen ist au\u00dferdem eine perfekte Harmonie aus leichter S\u00e4ure, nat\u00fcrlicher S\u00fc\u00dfe sowie einem fruchtigen und gleichzeitig nussigen Geschmack. Auch dank seines intensiven Dufts und dem lang anhaltenden Geschmack im Gaumen ist Jamaica Blue Mountain bei Kaffeekennern sehr gefragt.<\/p>\n","protected":false},"excerpt":{"rendered":"<p>100% Arabica Kona -Traditionelle Trommelr\u00f6stung Blue-Mountain-Kaffee geh\u00f6rt mit einigen wenigen anderen Kaffeesorten zur obersten Kategorie der Kaffeespezialit\u00e4ten. Der Nebel, k\u00fchle Temperaturen und ein starker Niederschlag sind in den Blue Mountains die Hauptfaktoren f\u00fcr ein besonderes Klima, wodurch die Kaffeekirschen wesentlich langsamer wachsen. Dieser Kaffee zeichnet sich durch seinen sehr milden Geschmack aus. Das Besondere am&hellip;&nbsp;<a href=\"https:\/\/www.my-bean.at\/?product=jamaica-blue-mountain\" class=\"\" rel=\"bookmark\">Weiterlesen &raquo;<span class=\"screen-reader-text\">Jamaica Blue Mountain<\/span><\/a><\/p>\n","protected":false},"featured_media":889,"comment_status":"closed","ping_status":"closed","template":"","meta":{"neve_meta_sidebar":"","neve_meta_container":"","neve_meta_enable_content_width":"off","neve_meta_content_width":0,"neve_meta_title_alignment":"","neve_meta_author_avatar":"","neve_post_elements_order":"","neve_meta_disable_header":"","neve_meta_disable_footer":"","neve_meta_disable_title":"","pgc_sgb_lightbox_settings":"","_ti_tpc_template_sync":false,"_ti_tpc_template_id":""},"product_cat":[25],"product_tag":[],"_links":{"self":[{"href":"https:\/\/www.my-bean.at\/index.php?rest_route=\/wp\/v2\/product\/779"}],"collection":[{"href":"https:\/\/www.my-bean.at\/index.php?rest_route=\/wp\/v2\/product"}],"about":[{"href":"https:\/\/www.my-bean.at\/index.php?rest_route=\/wp\/v2\/types\/product"}],"replies":[{"embeddable":true,"href":"https:\/\/www.my-bean.at\/index.php?rest_route=%2Fwp%2Fv2%2Fcomments&post=779"}],"wp:featuredmedia":[{"embeddable":true,"href":"https:\/\/www.my-bean.at\/index.php?rest_route=\/wp\/v2\/media\/889"}],"wp:attachment":[{"href":"https:\/\/www.my-bean.at\/index.php?rest_route=%2Fwp%2Fv2%2Fmedia&parent=779"}],"wp:term":[{"taxonomy":"product_cat","embeddable":true,"href":"https:\/\/www.my-bean.at\/index.php?rest_route=%2Fwp%2Fv2%2Fproduct_cat&post=779"},{"taxonomy":"product_tag","embeddable":true,"href":"https:\/\/www.my-bean.at\/index.php?rest_route=%2Fwp%2Fv2%2Fproduct_tag&post=779"}],"curies":[{"name":"wp","href":"https:\/\/api.w.org\/{rel}","templated":true}]}}