{"id":763,"date":"2020-08-18T07:47:55","date_gmt":"2020-08-18T07:47:55","guid":{"rendered":"https:\/\/www.my-bean.at\/?product=import-placeholder-for-2783"},"modified":"2020-08-18T07:47:59","modified_gmt":"2020-08-18T07:47:59","slug":"kluntje-kandiszucker","status":"publish","type":"product","link":"https:\/\/www.my-bean.at\/?product=kluntje-kandiszucker","title":{"rendered":"Kluntje Kandiszucker"},"content":{"rendered":"<p>Kandiszucker in der Form von wei\u00dfen Kristallen, wird vor allem in Ostfriesland zum S\u00fc\u00dfen verschiedener Tee&#8217;s verwendet.<\/p>\n","protected":false},"excerpt":{"rendered":"<p>Kandiszucker in der Form von wei\u00dfen Kristallen, wird vor allem in Ostfriesland zum S\u00fc\u00dfen verschiedener Tee&#8217;s verwendet.<\/p>\n","protected":false},"featured_media":0,"comment_status":"closed","ping_status":"closed","template":"","meta":{"neve_meta_sidebar":"","neve_meta_container":"","neve_meta_enable_content_width":"","neve_meta_content_width":0,"neve_meta_title_alignment":"","neve_meta_author_avatar":"","neve_post_elements_order":"","neve_meta_disable_header":"","neve_meta_disable_footer":"","neve_meta_disable_title":"","pgc_sgb_lightbox_settings":"","_ti_tpc_template_sync":false,"_ti_tpc_template_id":""},"product_cat":[27],"product_tag":[],"_links":{"self":[{"href":"https:\/\/www.my-bean.at\/index.php?rest_route=\/wp\/v2\/product\/763"}],"collection":[{"href":"https:\/\/www.my-bean.at\/index.php?rest_route=\/wp\/v2\/product"}],"about":[{"href":"https:\/\/www.my-bean.at\/index.php?rest_route=\/wp\/v2\/types\/product"}],"replies":[{"embeddable":true,"href":"https:\/\/www.my-bean.at\/index.php?rest_route=%2Fwp%2Fv2%2Fcomments&post=763"}],"wp:attachment":[{"href":"https:\/\/www.my-bean.at\/index.php?rest_route=%2Fwp%2Fv2%2Fmedia&parent=763"}],"wp:term":[{"taxonomy":"product_cat","embeddable":true,"href":"https:\/\/www.my-bean.at\/index.php?rest_route=%2Fwp%2Fv2%2Fproduct_cat&post=763"},{"taxonomy":"product_tag","embeddable":true,"href":"https:\/\/www.my-bean.at\/index.php?rest_route=%2Fwp%2Fv2%2Fproduct_tag&post=763"}],"curies":[{"name":"wp","href":"https:\/\/api.w.org\/{rel}","templated":true}]}}