{"id":755,"date":"2020-08-18T07:47:54","date_gmt":"2020-08-18T07:47:54","guid":{"rendered":"https:\/\/www.my-bean.at\/?product=import-placeholder-for-2770"},"modified":"2020-08-18T07:47:59","modified_gmt":"2020-08-18T07:47:59","slug":"gruener-tee","status":"publish","type":"product","link":"https:\/\/www.my-bean.at\/?product=gruener-tee","title":{"rendered":"Gr\u00fcner Tee"},"content":{"rendered":"<p>Harmonische Mischung aus chinesischen Gr\u00fcnteeklassikern, der schon nach einer ca. 1-2 min\u00fctigen Ziehzeit eine anregende Wirkung hat. So l\u00e4sst sich der Tag sch\u00f6n gestalten!<br \/>\nMit 70\u00b0 hei\u00dfem Wasser \u00fcbergie\u00dfen. <\/p>\n","protected":false},"excerpt":{"rendered":"<p>Harmonische Mischung aus chinesischen Gr\u00fcnteeklassikern, der schon nach einer ca. 1-2 min\u00fctigen Ziehzeit eine anregende Wirkung hat. So l\u00e4sst sich der Tag sch\u00f6n gestalten! Mit 70\u00b0 hei\u00dfem Wasser \u00fcbergie\u00dfen.<\/p>\n","protected":false},"featured_media":0,"comment_status":"closed","ping_status":"closed","template":"","meta":{"neve_meta_sidebar":"","neve_meta_container":"","neve_meta_enable_content_width":"","neve_meta_content_width":0,"neve_meta_title_alignment":"","neve_meta_author_avatar":"","neve_post_elements_order":"","neve_meta_disable_header":"","neve_meta_disable_footer":"","neve_meta_disable_title":"","pgc_sgb_lightbox_settings":"","_ti_tpc_template_sync":false,"_ti_tpc_template_id":""},"product_cat":[27],"product_tag":[],"_links":{"self":[{"href":"https:\/\/www.my-bean.at\/index.php?rest_route=\/wp\/v2\/product\/755"}],"collection":[{"href":"https:\/\/www.my-bean.at\/index.php?rest_route=\/wp\/v2\/product"}],"about":[{"href":"https:\/\/www.my-bean.at\/index.php?rest_route=\/wp\/v2\/types\/product"}],"replies":[{"embeddable":true,"href":"https:\/\/www.my-bean.at\/index.php?rest_route=%2Fwp%2Fv2%2Fcomments&post=755"}],"wp:attachment":[{"href":"https:\/\/www.my-bean.at\/index.php?rest_route=%2Fwp%2Fv2%2Fmedia&parent=755"}],"wp:term":[{"taxonomy":"product_cat","embeddable":true,"href":"https:\/\/www.my-bean.at\/index.php?rest_route=%2Fwp%2Fv2%2Fproduct_cat&post=755"},{"taxonomy":"product_tag","embeddable":true,"href":"https:\/\/www.my-bean.at\/index.php?rest_route=%2Fwp%2Fv2%2Fproduct_tag&post=755"}],"curies":[{"name":"wp","href":"https:\/\/api.w.org\/{rel}","templated":true}]}}