{"id":747,"date":"2020-08-18T07:47:51","date_gmt":"2020-08-18T07:47:51","guid":{"rendered":"https:\/\/www.my-bean.at\/?product=import-placeholder-for-2762"},"modified":"2020-08-18T07:47:54","modified_gmt":"2020-08-18T07:47:54","slug":"milky-jade-oolong","status":"publish","type":"product","link":"https:\/\/www.my-bean.at\/?product=milky-jade-oolong","title":{"rendered":"Milky Jade Oolong"},"content":{"rendered":"<p>Der mehrfach preisgekr\u00f6nte Tee \u00fcberzeugt mich seinem s\u00fc\u00dflich-cremigen Duft und Geschmack, welcher durch das Erhitzen der Teebl\u00e4tter in Milchwasserdampf erzeugt wird. Der Milky Jade Oolong harmonisiert perfekt mit dem Grundcharakter des \u00e4u\u00dferst zart fermentierten Oolongs aus Fujian. Er wird als der beste Chinesische handgedrehte Tee bezeichnet!<br \/>\n\u00dcbergie\u00dfen Sie Ihren Tee mit 70 Grad hei\u00dfem Wasser und lassen Sie ihn 2 min ziehen.<\/p>\n","protected":false},"excerpt":{"rendered":"<p>Der mehrfach preisgekr\u00f6nte Tee \u00fcberzeugt mich seinem s\u00fc\u00dflich-cremigen Duft und Geschmack, welcher durch das Erhitzen der Teebl\u00e4tter in Milchwasserdampf erzeugt wird. Der Milky Jade Oolong harmonisiert perfekt mit dem Grundcharakter des \u00e4u\u00dferst zart fermentierten Oolongs aus Fujian. Er wird als der beste Chinesische handgedrehte Tee bezeichnet! \u00dcbergie\u00dfen Sie Ihren Tee mit 70 Grad hei\u00dfem Wasser&hellip;&nbsp;<a href=\"https:\/\/www.my-bean.at\/?product=milky-jade-oolong\" class=\"\" rel=\"bookmark\">Weiterlesen &raquo;<span class=\"screen-reader-text\">Milky Jade Oolong<\/span><\/a><\/p>\n","protected":false},"featured_media":0,"comment_status":"closed","ping_status":"closed","template":"","meta":{"neve_meta_sidebar":"","neve_meta_container":"","neve_meta_enable_content_width":"","neve_meta_content_width":0,"neve_meta_title_alignment":"","neve_meta_author_avatar":"","neve_post_elements_order":"","neve_meta_disable_header":"","neve_meta_disable_footer":"","neve_meta_disable_title":"","pgc_sgb_lightbox_settings":"","_ti_tpc_template_sync":false,"_ti_tpc_template_id":""},"product_cat":[27],"product_tag":[],"_links":{"self":[{"href":"https:\/\/www.my-bean.at\/index.php?rest_route=\/wp\/v2\/product\/747"}],"collection":[{"href":"https:\/\/www.my-bean.at\/index.php?rest_route=\/wp\/v2\/product"}],"about":[{"href":"https:\/\/www.my-bean.at\/index.php?rest_route=\/wp\/v2\/types\/product"}],"replies":[{"embeddable":true,"href":"https:\/\/www.my-bean.at\/index.php?rest_route=%2Fwp%2Fv2%2Fcomments&post=747"}],"wp:attachment":[{"href":"https:\/\/www.my-bean.at\/index.php?rest_route=%2Fwp%2Fv2%2Fmedia&parent=747"}],"wp:term":[{"taxonomy":"product_cat","embeddable":true,"href":"https:\/\/www.my-bean.at\/index.php?rest_route=%2Fwp%2Fv2%2Fproduct_cat&post=747"},{"taxonomy":"product_tag","embeddable":true,"href":"https:\/\/www.my-bean.at\/index.php?rest_route=%2Fwp%2Fv2%2Fproduct_tag&post=747"}],"curies":[{"name":"wp","href":"https:\/\/api.w.org\/{rel}","templated":true}]}}