{"id":745,"date":"2020-08-18T07:47:51","date_gmt":"2020-08-18T07:47:51","guid":{"rendered":"https:\/\/www.my-bean.at\/?product=import-placeholder-for-2760"},"modified":"2020-08-18T07:47:54","modified_gmt":"2020-08-18T07:47:54","slug":"keemun","status":"publish","type":"product","link":"https:\/\/www.my-bean.at\/?product=keemun","title":{"rendered":"Keemun"},"content":{"rendered":"<p>Schwarzer Tee, feinster geschmeidiger Keemun von diskreter Finesse, besonders weich und rund im Geschmack, mit leichter S\u00fc\u00dfe.<br \/>\nMit einem St\u00fcck Kluntje verfeinern und genie\u00dfen! <\/p>\n","protected":false},"excerpt":{"rendered":"<p>Schwarzer Tee, feinster geschmeidiger Keemun von diskreter Finesse, besonders weich und rund im Geschmack, mit leichter S\u00fc\u00dfe. Mit einem St\u00fcck Kluntje verfeinern und genie\u00dfen!<\/p>\n","protected":false},"featured_media":0,"comment_status":"closed","ping_status":"closed","template":"","meta":{"neve_meta_sidebar":"","neve_meta_container":"","neve_meta_enable_content_width":"","neve_meta_content_width":0,"neve_meta_title_alignment":"","neve_meta_author_avatar":"","neve_post_elements_order":"","neve_meta_disable_header":"","neve_meta_disable_footer":"","neve_meta_disable_title":"","pgc_sgb_lightbox_settings":"","_ti_tpc_template_sync":false,"_ti_tpc_template_id":""},"product_cat":[27],"product_tag":[],"_links":{"self":[{"href":"https:\/\/www.my-bean.at\/index.php?rest_route=\/wp\/v2\/product\/745"}],"collection":[{"href":"https:\/\/www.my-bean.at\/index.php?rest_route=\/wp\/v2\/product"}],"about":[{"href":"https:\/\/www.my-bean.at\/index.php?rest_route=\/wp\/v2\/types\/product"}],"replies":[{"embeddable":true,"href":"https:\/\/www.my-bean.at\/index.php?rest_route=%2Fwp%2Fv2%2Fcomments&post=745"}],"wp:attachment":[{"href":"https:\/\/www.my-bean.at\/index.php?rest_route=%2Fwp%2Fv2%2Fmedia&parent=745"}],"wp:term":[{"taxonomy":"product_cat","embeddable":true,"href":"https:\/\/www.my-bean.at\/index.php?rest_route=%2Fwp%2Fv2%2Fproduct_cat&post=745"},{"taxonomy":"product_tag","embeddable":true,"href":"https:\/\/www.my-bean.at\/index.php?rest_route=%2Fwp%2Fv2%2Fproduct_tag&post=745"}],"curies":[{"name":"wp","href":"https:\/\/api.w.org\/{rel}","templated":true}]}}