{"id":722,"date":"2020-08-18T07:47:47","date_gmt":"2020-08-18T07:47:47","guid":{"rendered":"https:\/\/www.my-bean.at\/?product=import-placeholder-for-2721"},"modified":"2025-01-16T14:21:20","modified_gmt":"2025-01-16T14:21:20","slug":"guatemala-bio","status":"publish","type":"product","link":"https:\/\/www.my-bean.at\/?product=guatemala-bio","title":{"rendered":"Guatemala BIO"},"content":{"rendered":"<p>Finca Ceylan &#8211; Weicher Espresso, milde S\u00e4ure, gewachsen auf Vulkanischen B\u00f6den. Abgang supergut in dunkler Schoko, mild tabakig. Guatemala hat nebenbei die h\u00f6chsten Anspr\u00fcche der Fincas!<\/p>\n","protected":false},"excerpt":{"rendered":"<p>Finca Ceylan &#8211; Weicher Espresso, milde S\u00e4ure, gewachsen auf Vulkanischen B\u00f6den. Abgang supergut in dunkler Schoko, mild tabakig. Guatemala hat nebenbei die h\u00f6chsten Anspr\u00fcche der Fincas!<\/p>\n","protected":false},"featured_media":3529,"comment_status":"closed","ping_status":"closed","template":"","meta":{"neve_meta_sidebar":"","neve_meta_container":"","neve_meta_enable_content_width":"off","neve_meta_content_width":70,"neve_meta_title_alignment":"","neve_meta_author_avatar":"","neve_post_elements_order":"","neve_meta_disable_header":"","neve_meta_disable_footer":"","neve_meta_disable_title":"","pgc_sgb_lightbox_settings":"","_ti_tpc_template_sync":false,"_ti_tpc_template_id":""},"product_cat":[25],"product_tag":[],"_links":{"self":[{"href":"https:\/\/www.my-bean.at\/index.php?rest_route=\/wp\/v2\/product\/722"}],"collection":[{"href":"https:\/\/www.my-bean.at\/index.php?rest_route=\/wp\/v2\/product"}],"about":[{"href":"https:\/\/www.my-bean.at\/index.php?rest_route=\/wp\/v2\/types\/product"}],"replies":[{"embeddable":true,"href":"https:\/\/www.my-bean.at\/index.php?rest_route=%2Fwp%2Fv2%2Fcomments&post=722"}],"wp:featuredmedia":[{"embeddable":true,"href":"https:\/\/www.my-bean.at\/index.php?rest_route=\/wp\/v2\/media\/3529"}],"wp:attachment":[{"href":"https:\/\/www.my-bean.at\/index.php?rest_route=%2Fwp%2Fv2%2Fmedia&parent=722"}],"wp:term":[{"taxonomy":"product_cat","embeddable":true,"href":"https:\/\/www.my-bean.at\/index.php?rest_route=%2Fwp%2Fv2%2Fproduct_cat&post=722"},{"taxonomy":"product_tag","embeddable":true,"href":"https:\/\/www.my-bean.at\/index.php?rest_route=%2Fwp%2Fv2%2Fproduct_tag&post=722"}],"curies":[{"name":"wp","href":"https:\/\/api.w.org\/{rel}","templated":true}]}}