{"id":715,"date":"2020-08-18T07:47:47","date_gmt":"2020-08-18T07:47:47","guid":{"rendered":"https:\/\/www.my-bean.at\/?product=import-placeholder-for-2482"},"modified":"2025-01-16T14:24:48","modified_gmt":"2025-01-16T14:24:48","slug":"my-bean-gourmet-hausmischung","status":"publish","type":"product","link":"https:\/\/www.my-bean.at\/?product=my-bean-gourmet-hausmischung","title":{"rendered":"My Bean Gourmet &#8211; Hausmischung"},"content":{"rendered":"<p>Traditionelle Trommelr\u00f6stung, kr\u00e4ftiger Espressoblend aus spitzen Kaffees Ostafrikas,S\u00fcdamerikas und Indien! Milde S\u00e4ure, kr\u00e4ftig herb, nussig. Ideal f\u00fcr Cappuccino, Caf\u00e9 Latte oder Verl\u00e4ngerter!<\/p>\n","protected":false},"excerpt":{"rendered":"<p>Traditionelle Trommelr\u00f6stung, kr\u00e4ftiger Espressoblend aus spitzen Kaffees Ostafrikas,S\u00fcdamerikas und Indien! Milde S\u00e4ure, kr\u00e4ftig herb, nussig. Ideal f\u00fcr Cappuccino, Caf\u00e9 Latte oder Verl\u00e4ngerter!<\/p>\n","protected":false},"featured_media":3528,"comment_status":"closed","ping_status":"closed","template":"","meta":{"neve_meta_sidebar":"","neve_meta_container":"","neve_meta_enable_content_width":"off","neve_meta_content_width":70,"neve_meta_title_alignment":"","neve_meta_author_avatar":"","neve_post_elements_order":"","neve_meta_disable_header":"","neve_meta_disable_footer":"","neve_meta_disable_title":"","pgc_sgb_lightbox_settings":"","_ti_tpc_template_sync":false,"_ti_tpc_template_id":""},"product_cat":[25],"product_tag":[],"_links":{"self":[{"href":"https:\/\/www.my-bean.at\/index.php?rest_route=\/wp\/v2\/product\/715"}],"collection":[{"href":"https:\/\/www.my-bean.at\/index.php?rest_route=\/wp\/v2\/product"}],"about":[{"href":"https:\/\/www.my-bean.at\/index.php?rest_route=\/wp\/v2\/types\/product"}],"replies":[{"embeddable":true,"href":"https:\/\/www.my-bean.at\/index.php?rest_route=%2Fwp%2Fv2%2Fcomments&post=715"}],"wp:featuredmedia":[{"embeddable":true,"href":"https:\/\/www.my-bean.at\/index.php?rest_route=\/wp\/v2\/media\/3528"}],"wp:attachment":[{"href":"https:\/\/www.my-bean.at\/index.php?rest_route=%2Fwp%2Fv2%2Fmedia&parent=715"}],"wp:term":[{"taxonomy":"product_cat","embeddable":true,"href":"https:\/\/www.my-bean.at\/index.php?rest_route=%2Fwp%2Fv2%2Fproduct_cat&post=715"},{"taxonomy":"product_tag","embeddable":true,"href":"https:\/\/www.my-bean.at\/index.php?rest_route=%2Fwp%2Fv2%2Fproduct_tag&post=715"}],"curies":[{"name":"wp","href":"https:\/\/api.w.org\/{rel}","templated":true}]}}