{"id":711,"date":"2020-08-18T07:47:47","date_gmt":"2020-08-18T07:47:47","guid":{"rendered":"https:\/\/www.my-bean.at\/?product=import-placeholder-for-2478"},"modified":"2025-01-16T14:26:31","modified_gmt":"2025-01-16T14:26:31","slug":"bio-sidamo-aethiopien-koffeinarm-frei","status":"publish","type":"product","link":"https:\/\/www.my-bean.at\/?product=bio-sidamo-aethiopien-koffeinarm-frei","title":{"rendered":"BIO Sidamo \u00c4thiopien koffeinarm\/-frei"},"content":{"rendered":"<p>Traditionelle Trommelr\u00f6stung, fruchtiger, zart-herber Geschmack, ausgesprochene F\u00fclle mit wenig S\u00e4ure.<br \/>\nIn der Region Sidamo wird dieser sehr gute Kaffee &#8211; wie auch im \u00fcbrigen \u00c4thiopien &#8211; durch kleinb\u00e4uerliche Strukturen auf \u00fcber 1500m angebaut. Dieser Kaffee ist der weltweit einzige nat\u00fcrlich wachsende koffeinfreie Kaffee (0,25%\/) dH ohne chemische und gesundheitssch\u00e4dliche Behandlungen zur Entkoffeinierung.<\/p>\n","protected":false},"excerpt":{"rendered":"<p>Traditionelle Trommelr\u00f6stung, fruchtiger, zart-herber Geschmack, ausgesprochene F\u00fclle mit wenig S\u00e4ure. In der Region Sidamo wird dieser sehr gute Kaffee &#8211; wie auch im \u00fcbrigen \u00c4thiopien &#8211; durch kleinb\u00e4uerliche Strukturen auf \u00fcber 1500m angebaut. Dieser Kaffee ist der weltweit einzige nat\u00fcrlich wachsende koffeinfreie Kaffee (0,25%\/) dH ohne chemische und gesundheitssch\u00e4dliche Behandlungen zur Entkoffeinierung.<\/p>\n","protected":false},"featured_media":3522,"comment_status":"closed","ping_status":"closed","template":"","meta":{"neve_meta_sidebar":"","neve_meta_container":"","neve_meta_enable_content_width":"off","neve_meta_content_width":70,"neve_meta_title_alignment":"","neve_meta_author_avatar":"","neve_post_elements_order":"","neve_meta_disable_header":"","neve_meta_disable_footer":"","neve_meta_disable_title":"","pgc_sgb_lightbox_settings":"","_ti_tpc_template_sync":false,"_ti_tpc_template_id":""},"product_cat":[25],"product_tag":[],"_links":{"self":[{"href":"https:\/\/www.my-bean.at\/index.php?rest_route=\/wp\/v2\/product\/711"}],"collection":[{"href":"https:\/\/www.my-bean.at\/index.php?rest_route=\/wp\/v2\/product"}],"about":[{"href":"https:\/\/www.my-bean.at\/index.php?rest_route=\/wp\/v2\/types\/product"}],"replies":[{"embeddable":true,"href":"https:\/\/www.my-bean.at\/index.php?rest_route=%2Fwp%2Fv2%2Fcomments&post=711"}],"wp:featuredmedia":[{"embeddable":true,"href":"https:\/\/www.my-bean.at\/index.php?rest_route=\/wp\/v2\/media\/3522"}],"wp:attachment":[{"href":"https:\/\/www.my-bean.at\/index.php?rest_route=%2Fwp%2Fv2%2Fmedia&parent=711"}],"wp:term":[{"taxonomy":"product_cat","embeddable":true,"href":"https:\/\/www.my-bean.at\/index.php?rest_route=%2Fwp%2Fv2%2Fproduct_cat&post=711"},{"taxonomy":"product_tag","embeddable":true,"href":"https:\/\/www.my-bean.at\/index.php?rest_route=%2Fwp%2Fv2%2Fproduct_tag&post=711"}],"curies":[{"name":"wp","href":"https:\/\/api.w.org\/{rel}","templated":true}]}}