{"id":708,"date":"2020-08-18T07:47:47","date_gmt":"2020-08-18T07:47:47","guid":{"rendered":"https:\/\/www.my-bean.at\/?product=import-placeholder-for-2474"},"modified":"2025-01-16T14:29:37","modified_gmt":"2025-01-16T14:29:37","slug":"indonesien-jawa-blawan","status":"publish","type":"product","link":"https:\/\/www.my-bean.at\/?product=indonesien-jawa-blawan","title":{"rendered":"Indonesien &#8220;Jawa Blawan&#8221;"},"content":{"rendered":"<p>Traditionelle Trommelr\u00f6stung! Diese Bohne w\u00e4chst auf einer Insel ab 1600m H\u00f6he an Vulkanh\u00e4ngen!<br \/>\nKr\u00e4ftiger, leicht nussiger Geschmack mit einer feinen S\u00e4ure.<br \/>\nDas seltene Vorkommen macht diesen Kaffee zu einer Rarit\u00e4t die von Kaffeeliebhabern gesch\u00e4tzt wird.<\/p>\n","protected":false},"excerpt":{"rendered":"<p>Traditionelle Trommelr\u00f6stung! Diese Bohne w\u00e4chst auf einer Insel ab 1600m H\u00f6he an Vulkanh\u00e4ngen! Kr\u00e4ftiger, leicht nussiger Geschmack mit einer feinen S\u00e4ure. Das seltene Vorkommen macht diesen Kaffee zu einer Rarit\u00e4t die von Kaffeeliebhabern gesch\u00e4tzt wird.<\/p>\n","protected":false},"featured_media":3531,"comment_status":"closed","ping_status":"closed","template":"","meta":{"neve_meta_sidebar":"","neve_meta_container":"","neve_meta_enable_content_width":"off","neve_meta_content_width":70,"neve_meta_title_alignment":"","neve_meta_author_avatar":"","neve_post_elements_order":"","neve_meta_disable_header":"","neve_meta_disable_footer":"","neve_meta_disable_title":"","pgc_sgb_lightbox_settings":"","_ti_tpc_template_sync":false,"_ti_tpc_template_id":""},"product_cat":[25],"product_tag":[],"_links":{"self":[{"href":"https:\/\/www.my-bean.at\/index.php?rest_route=\/wp\/v2\/product\/708"}],"collection":[{"href":"https:\/\/www.my-bean.at\/index.php?rest_route=\/wp\/v2\/product"}],"about":[{"href":"https:\/\/www.my-bean.at\/index.php?rest_route=\/wp\/v2\/types\/product"}],"replies":[{"embeddable":true,"href":"https:\/\/www.my-bean.at\/index.php?rest_route=%2Fwp%2Fv2%2Fcomments&post=708"}],"wp:featuredmedia":[{"embeddable":true,"href":"https:\/\/www.my-bean.at\/index.php?rest_route=\/wp\/v2\/media\/3531"}],"wp:attachment":[{"href":"https:\/\/www.my-bean.at\/index.php?rest_route=%2Fwp%2Fv2%2Fmedia&parent=708"}],"wp:term":[{"taxonomy":"product_cat","embeddable":true,"href":"https:\/\/www.my-bean.at\/index.php?rest_route=%2Fwp%2Fv2%2Fproduct_cat&post=708"},{"taxonomy":"product_tag","embeddable":true,"href":"https:\/\/www.my-bean.at\/index.php?rest_route=%2Fwp%2Fv2%2Fproduct_tag&post=708"}],"curies":[{"name":"wp","href":"https:\/\/api.w.org\/{rel}","templated":true}]}}