{"id":701,"date":"2020-08-18T07:47:47","date_gmt":"2020-08-18T07:47:47","guid":{"rendered":"https:\/\/www.my-bean.at\/?product=import-placeholder-for-2466"},"modified":"2025-01-16T14:33:00","modified_gmt":"2025-01-16T14:33:00","slug":"costa-rica-tarrazu","status":"publish","type":"product","link":"https:\/\/www.my-bean.at\/?product=costa-rica-tarrazu","title":{"rendered":"Costa Rica-Tarrazu"},"content":{"rendered":"<p>Traditionelle Trommelr\u00f6stung, Spitzenkaffee aus der besten Region Costa Ricas, der um 1728 von Cuba aus hier angebaut wurde! Dieser Kaffee besticht durch rasssige Aromen und einen ausgepr\u00e4gten K\u00f6rper wenn er etwas dunkler ger\u00f6stet wird! Anbauh\u00f6he 1650 \u00fcdM!<\/p>\n","protected":false},"excerpt":{"rendered":"<p>Traditionelle Trommelr\u00f6stung, Spitzenkaffee aus der besten Region Costa Ricas, der um 1728 von Cuba aus hier angebaut wurde! Dieser Kaffee besticht durch rasssige Aromen und einen ausgepr\u00e4gten K\u00f6rper wenn er etwas dunkler ger\u00f6stet wird! Anbauh\u00f6he 1650 \u00fcdM!<\/p>\n","protected":false},"featured_media":3525,"comment_status":"closed","ping_status":"closed","template":"","meta":{"neve_meta_sidebar":"","neve_meta_container":"","neve_meta_enable_content_width":"off","neve_meta_content_width":70,"neve_meta_title_alignment":"","neve_meta_author_avatar":"","neve_post_elements_order":"","neve_meta_disable_header":"","neve_meta_disable_footer":"","neve_meta_disable_title":"","pgc_sgb_lightbox_settings":"","_ti_tpc_template_sync":false,"_ti_tpc_template_id":""},"product_cat":[25],"product_tag":[],"_links":{"self":[{"href":"https:\/\/www.my-bean.at\/index.php?rest_route=\/wp\/v2\/product\/701"}],"collection":[{"href":"https:\/\/www.my-bean.at\/index.php?rest_route=\/wp\/v2\/product"}],"about":[{"href":"https:\/\/www.my-bean.at\/index.php?rest_route=\/wp\/v2\/types\/product"}],"replies":[{"embeddable":true,"href":"https:\/\/www.my-bean.at\/index.php?rest_route=%2Fwp%2Fv2%2Fcomments&post=701"}],"wp:featuredmedia":[{"embeddable":true,"href":"https:\/\/www.my-bean.at\/index.php?rest_route=\/wp\/v2\/media\/3525"}],"wp:attachment":[{"href":"https:\/\/www.my-bean.at\/index.php?rest_route=%2Fwp%2Fv2%2Fmedia&parent=701"}],"wp:term":[{"taxonomy":"product_cat","embeddable":true,"href":"https:\/\/www.my-bean.at\/index.php?rest_route=%2Fwp%2Fv2%2Fproduct_cat&post=701"},{"taxonomy":"product_tag","embeddable":true,"href":"https:\/\/www.my-bean.at\/index.php?rest_route=%2Fwp%2Fv2%2Fproduct_tag&post=701"}],"curies":[{"name":"wp","href":"https:\/\/api.w.org\/{rel}","templated":true}]}}