{"id":695,"date":"2020-08-18T07:47:46","date_gmt":"2020-08-18T07:47:46","guid":{"rendered":"https:\/\/www.my-bean.at\/?product=import-placeholder-for-2453"},"modified":"2025-03-18T13:44:22","modified_gmt":"2025-03-18T13:44:22","slug":"aethiopien-limu","status":"publish","type":"product","link":"https:\/\/www.my-bean.at\/?product=aethiopien-limu","title":{"rendered":"\u00c4thiopien Limu"},"content":{"rendered":"<p>Traumhafter \u00e4thiopischer Kaffee aus feinster traditioneller Trommelr\u00f6stung. Feine fruchtige S\u00e4ure, nussig-schokoladiges, interessantes Aroma.<br \/>\nEin feiner Allrounder!<\/p>\n","protected":false},"excerpt":{"rendered":"<p>Traumhafter \u00e4thiopischer Kaffee aus feinster traditioneller Trommelr\u00f6stung. Feine fruchtige S\u00e4ure, nussig-schokoladiges, interessantes Aroma. Ein feiner Allrounder!<\/p>\n","protected":false},"featured_media":3533,"comment_status":"closed","ping_status":"closed","template":"","meta":{"neve_meta_sidebar":"","neve_meta_container":"","neve_meta_enable_content_width":"off","neve_meta_content_width":70,"neve_meta_title_alignment":"","neve_meta_author_avatar":"","neve_post_elements_order":"","neve_meta_disable_header":"","neve_meta_disable_footer":"","neve_meta_disable_title":"","pgc_sgb_lightbox_settings":"","_ti_tpc_template_sync":false,"_ti_tpc_template_id":""},"product_cat":[25],"product_tag":[],"_links":{"self":[{"href":"https:\/\/www.my-bean.at\/index.php?rest_route=\/wp\/v2\/product\/695"}],"collection":[{"href":"https:\/\/www.my-bean.at\/index.php?rest_route=\/wp\/v2\/product"}],"about":[{"href":"https:\/\/www.my-bean.at\/index.php?rest_route=\/wp\/v2\/types\/product"}],"replies":[{"embeddable":true,"href":"https:\/\/www.my-bean.at\/index.php?rest_route=%2Fwp%2Fv2%2Fcomments&post=695"}],"wp:featuredmedia":[{"embeddable":true,"href":"https:\/\/www.my-bean.at\/index.php?rest_route=\/wp\/v2\/media\/3533"}],"wp:attachment":[{"href":"https:\/\/www.my-bean.at\/index.php?rest_route=%2Fwp%2Fv2%2Fmedia&parent=695"}],"wp:term":[{"taxonomy":"product_cat","embeddable":true,"href":"https:\/\/www.my-bean.at\/index.php?rest_route=%2Fwp%2Fv2%2Fproduct_cat&post=695"},{"taxonomy":"product_tag","embeddable":true,"href":"https:\/\/www.my-bean.at\/index.php?rest_route=%2Fwp%2Fv2%2Fproduct_tag&post=695"}],"curies":[{"name":"wp","href":"https:\/\/api.w.org\/{rel}","templated":true}]}}